{"id":21,"date":"2026-01-15T09:49:47","date_gmt":"2026-01-15T09:49:47","guid":{"rendered":"https:\/\/kapaf.se\/?page_id=21"},"modified":"2026-04-28T20:17:52","modified_gmt":"2026-04-28T20:17:52","slug":"medlemskap","status":"publish","type":"page","link":"https:\/\/kapaf.se\/?page_id=21","title":{"rendered":"Medlemskap"},"content":{"rendered":"\n<p><\/p>\n\n\n\n<div class=\"wp-block-media-text has-media-on-the-right is-stacked-on-mobile\"><div class=\"wp-block-media-text__content\">\n<p>V\u00e4lkommen att ans\u00f6ka om medlemskap till v\u00e5r f\u00f6rening! Ska du t\u00e4vla i SM s\u00e5 m\u00e5ste du vara medlem i en f\u00f6rening. <\/p>\n\n\n\n<h4 class=\"wp-block-heading\">Det finns tv\u00e5 typer av medlemskap:<\/h4>\n\n\n\n<p><strong>T\u00e4vling<\/strong>smedlemskap: 500 kr per \u00e5r.<\/p>\n\n\n\n<p><strong>St\u00f6d<\/strong>medlemskap: 200 kr per \u00e5r.<\/p>\n\n\n\n<p>St\u00f6dmedlemskap g\u00e4ller 12 m\u00e5nader fr\u00e5n inbetalning av medlemsavgift.<\/p>\n\n\n\n<p>Medlemskapsavgift avseende t\u00e4vlande medlem ska betalas senast 13:e februari 2026 f\u00f6r innevarande t\u00e4vlings\u00e5r. L\u00e4s mer om vad som ing\u00e5r <a href=\"https:\/\/kapaf.se\/?page_id=16\" data-type=\"page\" data-id=\"16\">h\u00e4r<\/a>.<\/p>\n\n\n\n<h4 class=\"wp-block-heading\"><span class=\"has-superb-addons-text-align-justify\">Som medlem i v\u00e5r f\u00f6rening f\u00e5r du:<\/span><\/h4>\n\n\n\n<p>M\u00f6jlighet att delta i fyra <a href=\"#anchor-ws\" data-type=\"internal\" data-id=\"#&quot;anchor-ws&quot;\">workshops<\/a> under \u00e5ret.<\/p>\n\n\n\n<p>Inbjudan till genrep f\u00f6r v\u00e5ra t\u00e4vlande atleter.<\/p>\n\n\n\n<p>Delta i andra evenemang och tillst\u00e4llningar som f\u00f6reningen anordnar. Detta kan vara rent sociala evenemang, marknadsf\u00f6ring- eller tr\u00e4ningsevenemang.<\/p>\n<\/div><figure class=\"wp-block-media-text__media\"><img loading=\"lazy\" decoding=\"async\" width=\"1024\" height=\"1024\" src=\"https:\/\/kapaf.se\/wp-content\/uploads\/2026\/01\/Logga-gradient-transparent-bakgrund-1024x1024.png\" alt=\"\" class=\"wp-image-63 size-full\" srcset=\"https:\/\/kapaf.se\/wp-content\/uploads\/2026\/01\/Logga-gradient-transparent-bakgrund-1024x1024.png 1024w, https:\/\/kapaf.se\/wp-content\/uploads\/2026\/01\/Logga-gradient-transparent-bakgrund-300x300.png 300w, https:\/\/kapaf.se\/wp-content\/uploads\/2026\/01\/Logga-gradient-transparent-bakgrund-150x150.png 150w, https:\/\/kapaf.se\/wp-content\/uploads\/2026\/01\/Logga-gradient-transparent-bakgrund-768x768.png 768w, https:\/\/kapaf.se\/wp-content\/uploads\/2026\/01\/Logga-gradient-transparent-bakgrund-1536x1536.png 1536w, https:\/\/kapaf.se\/wp-content\/uploads\/2026\/01\/Logga-gradient-transparent-bakgrund-2048x2048.png 2048w\" sizes=\"auto, (max-width: 1024px) 100vw, 1024px\" \/><\/figure><\/div>\n\n\n\n<div class=\"wp-block-group alignfull is-layout-flow wp-block-group-is-layout-flow\">\n<div class=\"wp-block-group alignfull has-global-padding is-layout-constrained wp-container-core-group-is-layout-31b6af0a wp-block-group-is-layout-constrained\" style=\"padding-top:var(--wp--preset--spacing--superbspacing-xxlarge);padding-right:var(--wp--preset--spacing--superbspacing-small);padding-bottom:var(--wp--preset--spacing--superbspacing-xxlarge);padding-left:var(--wp--preset--spacing--superbspacing-small)\">\n<div class=\"wp-block-group alignwide is-content-justification-center is-layout-flex wp-container-core-group-is-layout-f0d78ca6 wp-block-group-is-layout-flex\">\n<div class=\"wp-block-group has-global-padding is-layout-constrained wp-container-core-group-is-layout-23f87c5f wp-block-group-is-layout-constrained\">\n<h2 class=\"wp-block-heading has-text-align-center has-contrast-color has-text-color has-superbfont-xlarge-font-size\">Ans\u00f6k om medlemskap<\/h2>\n\n\n\n<p class=\"has-text-align-center has-secondary-color has-text-color has-superbfont-medium-font-size\">F\u00f6r att bli medlem, maila oss och skriv vilket medlemskap det g\u00e4ller. Du kommer att f\u00e5 betalinstruktioner av oss, och s\u00e5 snart betalningen \u00e4r registrerad p\u00e5 v\u00e5rt konto \u00e4r du officiellt en del av Karlstads coolaste f\u00f6rening!<\/p>\n<\/div>\n\n\n\n<div class=\"wp-block-buttons is-content-justification-center is-layout-flex wp-container-core-buttons-is-layout-f61863dc wp-block-buttons-is-layout-flex\">\n<div class=\"wp-block-button is-style-outline is-style-outline--1\"><a class=\"wp-block-button__link has-superbfont-small-font-size has-custom-font-size wp-element-button\" href=\"mailto:kassor@kapaf.se\">jag vill st\u00f6tta<\/a><\/div>\n\n\n\n<div class=\"wp-block-button\"><a class=\"wp-block-button__link has-superbfont-small-font-size has-custom-font-size wp-element-button\" href=\"mailto:kassor@kapaf.se\">Jag ska t\u00e4vla<\/a><\/div>\n<\/div>\n<\/div>\n<\/div>\n\n\n\n<hr class=\"wp-block-separator has-alpha-channel-opacity\"\/>\n\n\n\n<div class=\"wp-block-superb-addons-animated-heading superbaddons-animated-heading-block superbaddons-animated-heading-effect2\" id=\"block-10ebc6df-a201-41fc-a11f-2230b26651e0\" data-animation=\"effect2\" data-animation-speed=\"60\" data-animation-loop=\"true\">\n<h2 class=\"wp-block-heading has-text-align-center\" id=\"anchor-ws\">Kommande workshops<\/h2>\n<\/div>\n<\/div>\n\n\n\n<div class=\"wp-block-media-text has-media-on-the-right is-stacked-on-mobile\"><div class=\"wp-block-media-text__content\">\n<h2 class=\"wp-block-heading\">Workshop 2 Silks<\/h2>\n\n\n\n<p>Datum och tid: 2026-05-24 kl. 14:00-15:30<\/p>\n\n\n\n<p>Instrukt\u00f6r: Frida<\/p>\n\n\n\n<p>\u00c5rets nya disciplin f\u00f6r pole och aerial SM var artistisk aerial silks, ett l\u00e5ngt tygstycke som man kl\u00e4ttrar i och lindar in sig i p\u00e5 olika s\u00e4tt. Oavsett om du kollat p\u00e5 SM och blivit inspirerad eller bara \u00e4r nyfiken \u00e4r du v\u00e4lkommen till den h\u00e4r workshopen d\u00e4r vi g\u00e5r igenom grunderna och l\u00e4r oss n\u00e5gra roliga trick i silksen.<\/p>\n\n\n\n<p>Rekommenderade kl\u00e4der \u00e4r l\u00e5ng\u00e4rmat och l\u00e5ngbent, samt \u00e5tsittande.<br><br>Medlemmar i Karlstad pole- och aerialf\u00f6rening deltar gratis. F\u00f6r \u00f6vriga deltagare kostar det 200 kr. F\u00f6r att boka, g\u00e5 till <a href=\"https:\/\/brassmonkeys.bokamera.se\/book\">Studio Brass bokningssida<\/a>, leta reda p\u00e5 s\u00f6ndag 24\/5 och klicka p\u00e5 <strong>KA.P.A.F WORKSHOP #2 SILKS<\/strong>.<\/p>\n\n\n\n<p>Foto: Elin Johansson, SM 2026<\/p>\n<\/div><figure class=\"wp-block-media-text__media\"><img loading=\"lazy\" decoding=\"async\" width=\"691\" height=\"1024\" src=\"https:\/\/kapaf.se\/wp-content\/uploads\/2026\/04\/WhatsApp-Image-2026-04-28-at-20.49.52-2-691x1024.jpg\" alt=\"\" class=\"wp-image-104 size-full\" srcset=\"https:\/\/kapaf.se\/wp-content\/uploads\/2026\/04\/WhatsApp-Image-2026-04-28-at-20.49.52-2-691x1024.jpg 691w, https:\/\/kapaf.se\/wp-content\/uploads\/2026\/04\/WhatsApp-Image-2026-04-28-at-20.49.52-2-203x300.jpg 203w, https:\/\/kapaf.se\/wp-content\/uploads\/2026\/04\/WhatsApp-Image-2026-04-28-at-20.49.52-2-768x1138.jpg 768w, https:\/\/kapaf.se\/wp-content\/uploads\/2026\/04\/WhatsApp-Image-2026-04-28-at-20.49.52-2.jpg 800w\" sizes=\"auto, (max-width: 691px) 100vw, 691px\" \/><\/figure><\/div>\n\n\n\n<div class=\"wp-block-media-text is-stacked-on-mobile\"><figure class=\"wp-block-media-text__media\"><\/figure><div class=\"wp-block-media-text__content\">\n<h2 class=\"wp-block-heading\">Workshop 3 TBA<\/h2>\n<\/div><\/div>\n\n\n\n<div class=\"wp-block-media-text has-media-on-the-right is-stacked-on-mobile\"><div class=\"wp-block-media-text__content\">\n<h2 class=\"wp-block-heading\">Workshop 4 TBA<\/h2>\n<\/div><figure class=\"wp-block-media-text__media\"><\/figure><\/div>\n\n\n\n<hr class=\"wp-block-separator has-alpha-channel-opacity\"\/>\n\n\n\n<div class=\"wp-block-superb-addons-animated-heading superbaddons-animated-heading-block superbaddons-animated-heading-effect2\" id=\"block-40f7b698-9d8d-4575-bccf-8c622df166b6\" data-animation=\"effect2\" data-animation-speed=\"60\" data-animation-loop=\"true\">\n<h2 class=\"wp-block-heading has-text-align-center\">Genomf\u00f6rda workshops<\/h2>\n<\/div>\n\n\n\n<p>H\u00e4r nedanf\u00f6r listar vi genomf\u00f6rda workshops<\/p>\n\n\n\n<div class=\"wp-block-media-text is-stacked-on-mobile\"><figure class=\"wp-block-media-text__media\"><img loading=\"lazy\" decoding=\"async\" width=\"713\" height=\"1024\" src=\"https:\/\/kapaf.se\/wp-content\/uploads\/2026\/02\/Jeanettedahlstromc-06196-713x1024.jpg\" alt=\"\" class=\"wp-image-87 size-full\" srcset=\"https:\/\/kapaf.se\/wp-content\/uploads\/2026\/02\/Jeanettedahlstromc-06196-713x1024.jpg 713w, https:\/\/kapaf.se\/wp-content\/uploads\/2026\/02\/Jeanettedahlstromc-06196-209x300.jpg 209w, https:\/\/kapaf.se\/wp-content\/uploads\/2026\/02\/Jeanettedahlstromc-06196-768x1103.jpg 768w, https:\/\/kapaf.se\/wp-content\/uploads\/2026\/02\/Jeanettedahlstromc-06196-1070x1536.jpg 1070w, https:\/\/kapaf.se\/wp-content\/uploads\/2026\/02\/Jeanettedahlstromc-06196-1426x2048.jpg 1426w, https:\/\/kapaf.se\/wp-content\/uploads\/2026\/02\/Jeanettedahlstromc-06196-scaled.jpg 1783w\" sizes=\"auto, (max-width: 713px) 100vw, 713px\" \/><\/figure><div class=\"wp-block-media-text__content\">\n<h2 class=\"wp-block-heading\">Workshop 1 Art &amp; Choreo<\/h2>\n\n\n\n<p>Datum och tid: 2026-03-08 kl. 14:00-15:30<\/p>\n\n\n\n<p>Instrukt\u00f6r: Catrin<\/p>\n\n\n\n<p>Denna workshop \u00e4r stolpfri och fokuserar p\u00e5 golvdans och k\u00e4nslan till musiken. M\u00e5let \u00e4r att v\u00e5ga bli lite mer sj\u00e4lvs\u00e4ker i att experimentera med sitt eget uttryck. Med en fot i Code of Points kommer vi fokusera p\u00e5 bed\u00f6mningskriterierna &#8221;Confidence&#8221;, &#8221;Interpretation&#8221; och &#8221;Stage presence and charisma&#8221;.<\/p>\n\n\n\n<p>Workshop:en \u00e4r \u00f6ppen f\u00f6r alla, och du beh\u00f6ver ingen tidigare erfarenhet av varken pole, aerial eller dans f\u00f6r att delta.<\/p>\n\n\n\n<p>F\u00f6r att s\u00e4kra din plats, g\u00e5 till <a href=\"https:\/\/www.brassmonkeyspole.se\/boka\/\">bokningssidan<\/a>.<\/p>\n<\/div><\/div>\n","protected":false},"excerpt":{"rendered":"<p>V\u00e4lkommen att ans\u00f6ka om medlemskap till v\u00e5r f\u00f6rening! Ska du t\u00e4vla i SM s\u00e5 m\u00e5ste du vara medlem i en f\u00f6rening. Det finns tv\u00e5 typer av medlemskap: T\u00e4vlingsmedlemskap: 500 kr per \u00e5r. St\u00f6dmedlemskap: 200 kr per \u00e5r. St\u00f6dmedlemskap g\u00e4ller 12 m\u00e5nader fr\u00e5n inbetalning av medlemsavgift. Medlemskapsavgift avseende t\u00e4vlande medlem ska betalas senast 13:e februari 2026 [&hellip;]<\/p>\n","protected":false},"author":1,"featured_media":0,"parent":0,"menu_order":0,"comment_status":"closed","ping_status":"closed","template":"","meta":{"footnotes":""},"class_list":["post-21","page","type-page","status-publish","hentry"],"_links":{"self":[{"href":"https:\/\/kapaf.se\/index.php?rest_route=\/wp\/v2\/pages\/21","targetHints":{"allow":["GET"]}}],"collection":[{"href":"https:\/\/kapaf.se\/index.php?rest_route=\/wp\/v2\/pages"}],"about":[{"href":"https:\/\/kapaf.se\/index.php?rest_route=\/wp\/v2\/types\/page"}],"author":[{"embeddable":true,"href":"https:\/\/kapaf.se\/index.php?rest_route=\/wp\/v2\/users\/1"}],"replies":[{"embeddable":true,"href":"https:\/\/kapaf.se\/index.php?rest_route=%2Fwp%2Fv2%2Fcomments&post=21"}],"version-history":[{"count":17,"href":"https:\/\/kapaf.se\/index.php?rest_route=\/wp\/v2\/pages\/21\/revisions"}],"predecessor-version":[{"id":105,"href":"https:\/\/kapaf.se\/index.php?rest_route=\/wp\/v2\/pages\/21\/revisions\/105"}],"wp:attachment":[{"href":"https:\/\/kapaf.se\/index.php?rest_route=%2Fwp%2Fv2%2Fmedia&parent=21"}],"curies":[{"name":"wp","href":"https:\/\/api.w.org\/{rel}","templated":true}]}}